{"id":3553,"date":"2022-12-11T12:35:22","date_gmt":"2022-12-11T12:35:22","guid":{"rendered":"https:\/\/drbernd-kraemer.de\/wordpress_i\/?page_id=3553"},"modified":"2025-07-24T01:30:56","modified_gmt":"2025-07-24T01:30:56","slug":"lost-places","status":"publish","type":"page","link":"https:\/\/drbernd-kraemer.de\/wordpress_i\/lost-places\/","title":{"rendered":"Gallery_Lost Places"},"content":{"rendered":"\t\t<div data-elementor-type=\"wp-page\" data-elementor-id=\"3553\" class=\"elementor elementor-3553\">\n\t\t\t\t\t\t<section class=\"elementor-section elementor-top-section elementor-element elementor-element-6a1798ee elementor-section-boxed elementor-section-height-default elementor-section-height-default\" data-id=\"6a1798ee\" data-element_type=\"section\" data-e-type=\"section\" data-settings=\"{&quot;background_background&quot;:&quot;classic&quot;}\">\n\t\t\t\t\t\t\t<div class=\"elementor-background-overlay\"><\/div>\n\t\t\t\t\t\t\t<div class=\"elementor-container elementor-column-gap-default\">\n\t\t\t\t\t<div class=\"elementor-column elementor-col-100 elementor-top-column elementor-element elementor-element-42e3dfef\" data-id=\"42e3dfef\" data-element_type=\"column\" data-e-type=\"column\">\n\t\t\t<div class=\"elementor-widget-wrap elementor-element-populated\">\n\t\t\t\t\t\t<div class=\"elementor-element elementor-element-fdc3f16 section-align-center section-size-large subtitle-style-default elementor-widget elementor-widget-section-heading\" data-id=\"fdc3f16\" data-element_type=\"widget\" data-e-type=\"widget\" data-widget_type=\"section-heading.default\">\n\t\t\t\t<div class=\"elementor-widget-container\">\n\t\t\t\t\t<div class=\"section-heading headingstyle-subtitle\"><h5 class=\"entry-sub-title section-sub-title\">Gallery<\/h5><div class=\"section-title-wrapper\"><h2 class=\"entry-title section-title\">Lost Places<\/h2><\/div><div class=\"section-description clearfix\"><div class=\"section-description-inner\"><p>A smooth wind blows through the long-abandoned houses\u2018 empty corridors ...<\/p>\n<\/div><\/div><\/div>\t\t\t\t<\/div>\n\t\t\t\t<\/div>\n\t\t\t\t\t<\/div>\n\t\t<\/div>\n\t\t\t\t\t<\/div>\n\t\t<\/section>\n\t\t\t\t<section class=\"elementor-section elementor-top-section elementor-element elementor-element-5ee79256 elementor-section-full_width elementor-section-height-default elementor-section-height-default\" data-id=\"5ee79256\" data-element_type=\"section\" data-e-type=\"section\" data-settings=\"{&quot;background_background&quot;:&quot;classic&quot;}\">\n\t\t\t\t\t\t<div class=\"elementor-container elementor-column-gap-no\">\n\t\t\t\t\t<div class=\"elementor-column elementor-col-100 elementor-top-column elementor-element elementor-element-7cb3cc92\" data-id=\"7cb3cc92\" data-element_type=\"column\" data-e-type=\"column\">\n\t\t\t<div class=\"elementor-widget-wrap elementor-element-populated\">\n\t\t\t\t\t\t<div class=\"elementor-element elementor-element-48ad2d4c elementor-widget elementor-widget-thumbnails-grid\" data-id=\"48ad2d4c\" data-element_type=\"widget\" data-e-type=\"widget\" data-widget_type=\"thumbnails-grid.default\">\n\t\t\t\t<div class=\"elementor-widget-container\">\n\t\t\t\t\t<div class=\"thumbnails-shortcode gridblock-columns-wrap grid-style-wall-spaced-wrap clearfix\"><div class=\"thumbnails-grid-container lightgallery-container grid-style-wall-spaced thumbnail-gutter-spaced    boxtitle-active gridblock-four  has-effect-zoom\"  data-columns=\"4\"><div class=\"gridblock-element  grid-animate-display-all isotope-displayed gridblock-thumbnail-id-5070 gridblock-col-1\"><div class=\"gridblock-ajax gridblock-grid-element gridblock-element-inner\" data-rel=\"3553\"><div class=\"gridblock-background-hover\"><a data-elementor-open-lightbox=\"no\" data-exthumbimage=\"https:\/\/drbernd-kraemer.de\/wordpress_i\/wp-content\/uploads\/2023\/10\/IMG_5808-160x160.webp\" class=\"lightbox-active lightbox-image gridblock-sole-link\" data-sub-html=\"<div class=&quot;lightbox-text-wrap &quot;><h4 class=&quot;lightbox-text lightbox-text-title&quot;>Shell Grotto, Potsdam<\/h4><\/div>\" href=\"https:\/\/drbernd-kraemer.de\/wordpress_i\/wp-content\/uploads\/2023\/10\/IMG_5808-scaled.webp\" data-src=\"https:\/\/drbernd-kraemer.de\/wordpress_i\/wp-content\/uploads\/2023\/10\/IMG_5808-scaled.webp\"><div class=\"gridblock-links-wrap\"><\/div><div class=\"boxtitle-hover\"><div class=\"work-details\"><h4>Shell Grotto, Potsdam<\/h4><p class=\"entry-content work-description\"><\/p><\/div><\/div><\/a><\/div><img decoding=\"async\" class=\"preload-image lazyload displayed-image\" src=\"https:\/\/drbernd-kraemer.de\/wordpress_i\/wp-content\/themes\/blacksilver\/images\/placeholders\/placeholder-770x770.gif\" data-src=\"https:\/\/drbernd-kraemer.de\/wordpress_i\/wp-content\/uploads\/2023\/10\/IMG_5808-770x770.webp\" alt=\"\"><\/div><\/div><div class=\"gridblock-element  grid-animate-display-all isotope-displayed gridblock-thumbnail-id-5069 gridblock-col-2\"><div class=\"gridblock-ajax gridblock-grid-element gridblock-element-inner\" data-rel=\"3553\"><div class=\"gridblock-background-hover\"><a data-elementor-open-lightbox=\"no\" data-exthumbimage=\"https:\/\/drbernd-kraemer.de\/wordpress_i\/wp-content\/uploads\/2023\/10\/IMG_5787-160x160.webp\" class=\"lightbox-active lightbox-image gridblock-sole-link\" data-sub-html=\"<div class=&quot;lightbox-text-wrap &quot;><h4 class=&quot;lightbox-text lightbox-text-title&quot;>Villa Schlieffen, Potsdam<\/h4><\/div>\" href=\"https:\/\/drbernd-kraemer.de\/wordpress_i\/wp-content\/uploads\/2023\/10\/IMG_5787.webp\" data-src=\"https:\/\/drbernd-kraemer.de\/wordpress_i\/wp-content\/uploads\/2023\/10\/IMG_5787.webp\"><div class=\"gridblock-links-wrap\"><\/div><div class=\"boxtitle-hover\"><div class=\"work-details\"><h4>Villa Schlieffen, Potsdam<\/h4><p class=\"entry-content work-description\"><\/p><\/div><\/div><\/a><\/div><img decoding=\"async\" class=\"preload-image lazyload displayed-image\" src=\"https:\/\/drbernd-kraemer.de\/wordpress_i\/wp-content\/themes\/blacksilver\/images\/placeholders\/placeholder-770x770.gif\" data-src=\"https:\/\/drbernd-kraemer.de\/wordpress_i\/wp-content\/uploads\/2023\/10\/IMG_5787-770x770.webp\" alt=\"\"><\/div><\/div><div class=\"gridblock-element  grid-animate-display-all isotope-displayed gridblock-thumbnail-id-5056 gridblock-col-3\"><div class=\"gridblock-ajax gridblock-grid-element gridblock-element-inner\" data-rel=\"3553\"><div class=\"gridblock-background-hover\"><a data-elementor-open-lightbox=\"no\" data-exthumbimage=\"https:\/\/drbernd-kraemer.de\/wordpress_i\/wp-content\/uploads\/2023\/10\/IMG_1913-160x160.webp\" class=\"lightbox-active lightbox-image gridblock-sole-link\" data-sub-html=\"<div class=&quot;lightbox-text-wrap &quot;><h4 class=&quot;lightbox-text lightbox-text-title&quot;>Former lung clinic Kolkwitz<\/h4><\/div>\" href=\"https:\/\/drbernd-kraemer.de\/wordpress_i\/wp-content\/uploads\/2023\/10\/IMG_1913-scaled.webp\" data-src=\"https:\/\/drbernd-kraemer.de\/wordpress_i\/wp-content\/uploads\/2023\/10\/IMG_1913-scaled.webp\"><div class=\"gridblock-links-wrap\"><\/div><div class=\"boxtitle-hover\"><div class=\"work-details\"><h4>Former lung clinic Kolkwitz<\/h4><p class=\"entry-content work-description\"><\/p><\/div><\/div><\/a><\/div><img decoding=\"async\" class=\"preload-image lazyload displayed-image\" src=\"https:\/\/drbernd-kraemer.de\/wordpress_i\/wp-content\/themes\/blacksilver\/images\/placeholders\/placeholder-770x770.gif\" data-src=\"https:\/\/drbernd-kraemer.de\/wordpress_i\/wp-content\/uploads\/2023\/10\/IMG_1913-770x770.webp\" alt=\"\"><\/div><\/div><div class=\"gridblock-element  grid-animate-display-all isotope-displayed gridblock-thumbnail-id-3555 gridblock-col-4\"><div class=\"gridblock-ajax gridblock-grid-element gridblock-element-inner\" data-rel=\"3553\"><div class=\"gridblock-background-hover\"><a data-elementor-open-lightbox=\"no\" data-exthumbimage=\"https:\/\/drbernd-kraemer.de\/wordpress_i\/wp-content\/uploads\/2022\/12\/97A4743-2-1-160x160.jpg\" class=\"lightbox-active lightbox-image gridblock-sole-link\" data-sub-html=\"<div class=&quot;lightbox-text-wrap &quot;><h4 class=&quot;lightbox-text lightbox-text-title&quot;>Cassino Krampnitz, Potsdam<\/h4><\/div>\" href=\"https:\/\/drbernd-kraemer.de\/wordpress_i\/wp-content\/uploads\/2022\/12\/97A4743-2-1-scaled.jpg\" data-src=\"https:\/\/drbernd-kraemer.de\/wordpress_i\/wp-content\/uploads\/2022\/12\/97A4743-2-1-scaled.jpg\"><div class=\"gridblock-links-wrap\"><\/div><div class=\"boxtitle-hover\"><div class=\"work-details\"><h4>Cassino Krampnitz, Potsdam<\/h4><p class=\"entry-content work-description\"><\/p><\/div><\/div><\/a><\/div><img decoding=\"async\" class=\"preload-image lazyload displayed-image\" src=\"https:\/\/drbernd-kraemer.de\/wordpress_i\/wp-content\/themes\/blacksilver\/images\/placeholders\/placeholder-770x770.gif\" data-src=\"https:\/\/drbernd-kraemer.de\/wordpress_i\/wp-content\/uploads\/2022\/12\/97A4743-2-1-770x770.jpg\" alt=\"\"><\/div><\/div><div class=\"gridblock-element  grid-animate-display-all isotope-displayed gridblock-thumbnail-id-3556 gridblock-col-1\"><div class=\"gridblock-ajax gridblock-grid-element gridblock-element-inner\" data-rel=\"3553\"><div class=\"gridblock-background-hover\"><a data-elementor-open-lightbox=\"no\" data-exthumbimage=\"https:\/\/drbernd-kraemer.de\/wordpress_i\/wp-content\/uploads\/2022\/12\/97A4747-2-1-160x160.jpg\" class=\"lightbox-active lightbox-image gridblock-sole-link\" data-sub-html=\"<div class=&quot;lightbox-text-wrap &quot;><h4 class=&quot;lightbox-text lightbox-text-title&quot;>Cassino Krampnitz, Potsdam<\/h4><\/div>\" href=\"https:\/\/drbernd-kraemer.de\/wordpress_i\/wp-content\/uploads\/2022\/12\/97A4747-2-1-scaled.jpg\" data-src=\"https:\/\/drbernd-kraemer.de\/wordpress_i\/wp-content\/uploads\/2022\/12\/97A4747-2-1-scaled.jpg\"><div class=\"gridblock-links-wrap\"><\/div><div class=\"boxtitle-hover\"><div class=\"work-details\"><h4>Cassino Krampnitz, Potsdam<\/h4><p class=\"entry-content work-description\"><\/p><\/div><\/div><\/a><\/div><img decoding=\"async\" class=\"preload-image lazyload displayed-image\" src=\"https:\/\/drbernd-kraemer.de\/wordpress_i\/wp-content\/themes\/blacksilver\/images\/placeholders\/placeholder-770x770.gif\" data-src=\"https:\/\/drbernd-kraemer.de\/wordpress_i\/wp-content\/uploads\/2022\/12\/97A4747-2-1-770x770.jpg\" alt=\"\"><\/div><\/div><div class=\"gridblock-element  grid-animate-display-all isotope-displayed gridblock-thumbnail-id-3558 gridblock-col-2\"><div class=\"gridblock-ajax gridblock-grid-element gridblock-element-inner\" data-rel=\"3553\"><div class=\"gridblock-background-hover\"><a data-elementor-open-lightbox=\"no\" data-exthumbimage=\"https:\/\/drbernd-kraemer.de\/wordpress_i\/wp-content\/uploads\/2022\/12\/P6A7326-CR2_DxO_DeepPRIME_komposition-160x160.jpg\" class=\"lightbox-active lightbox-image gridblock-sole-link\" data-sub-html=\"<div class=&quot;lightbox-text-wrap &quot;><h4 class=&quot;lightbox-text lightbox-text-title&quot;>Former lung hospital, Lake Grabow, Brandenburg<\/h4><\/div>\" href=\"https:\/\/drbernd-kraemer.de\/wordpress_i\/wp-content\/uploads\/2022\/12\/P6A7326-CR2_DxO_DeepPRIME_komposition-scaled.jpg\" data-src=\"https:\/\/drbernd-kraemer.de\/wordpress_i\/wp-content\/uploads\/2022\/12\/P6A7326-CR2_DxO_DeepPRIME_komposition-scaled.jpg\"><div class=\"gridblock-links-wrap\"><\/div><div class=\"boxtitle-hover\"><div class=\"work-details\"><h4>Former lung hospital, Lake Grabow, Brandenburg<\/h4><p class=\"entry-content work-description\"><\/p><\/div><\/div><\/a><\/div><img decoding=\"async\" class=\"preload-image lazyload displayed-image\" src=\"https:\/\/drbernd-kraemer.de\/wordpress_i\/wp-content\/themes\/blacksilver\/images\/placeholders\/placeholder-770x770.gif\" data-src=\"https:\/\/drbernd-kraemer.de\/wordpress_i\/wp-content\/uploads\/2022\/12\/P6A7326-CR2_DxO_DeepPRIME_komposition-770x770.jpg\" alt=\"\"><\/div><\/div><div class=\"gridblock-element  grid-animate-display-all isotope-displayed gridblock-thumbnail-id-3561 gridblock-col-3\"><div class=\"gridblock-ajax gridblock-grid-element gridblock-element-inner\" data-rel=\"3553\"><div class=\"gridblock-background-hover\"><a data-elementor-open-lightbox=\"no\" data-exthumbimage=\"https:\/\/drbernd-kraemer.de\/wordpress_i\/wp-content\/uploads\/2022\/12\/1908_Irrenhaus_014-2.DNG314-conflicted-2-160x160.jpg\" class=\"lightbox-active lightbox-image gridblock-sole-link\" data-sub-html=\"<div class=&quot;lightbox-text-wrap &quot;><h4 class=&quot;lightbox-text lightbox-text-title&quot;>artbase 2019, former state lunatic asylum, Lake Domj\u00fcch, Brandenburg<\/h4><\/div>\" href=\"https:\/\/drbernd-kraemer.de\/wordpress_i\/wp-content\/uploads\/2022\/12\/1908_Irrenhaus_014-2.DNG314-conflicted-2-scaled.jpg\" data-src=\"https:\/\/drbernd-kraemer.de\/wordpress_i\/wp-content\/uploads\/2022\/12\/1908_Irrenhaus_014-2.DNG314-conflicted-2-scaled.jpg\"><div class=\"gridblock-links-wrap\"><\/div><div class=\"boxtitle-hover\"><div class=\"work-details\"><h4>artbase 2019, former state lunatic asylum, Lake Domj\u00fcch, Brandenburg<\/h4><p class=\"entry-content work-description\"><\/p><\/div><\/div><\/a><\/div><img decoding=\"async\" class=\"preload-image lazyload displayed-image\" src=\"https:\/\/drbernd-kraemer.de\/wordpress_i\/wp-content\/themes\/blacksilver\/images\/placeholders\/placeholder-770x770.gif\" data-src=\"https:\/\/drbernd-kraemer.de\/wordpress_i\/wp-content\/uploads\/2022\/12\/1908_Irrenhaus_014-2.DNG314-conflicted-2-770x770.jpg\" alt=\"\"><\/div><\/div><div class=\"gridblock-element  grid-animate-display-all isotope-displayed gridblock-thumbnail-id-3562 gridblock-col-4\"><div class=\"gridblock-ajax gridblock-grid-element gridblock-element-inner\" data-rel=\"3553\"><div class=\"gridblock-background-hover\"><a data-elementor-open-lightbox=\"no\" data-exthumbimage=\"https:\/\/drbernd-kraemer.de\/wordpress_i\/wp-content\/uploads\/2022\/12\/1908_Irrenhaus_026.DNG339-conflicted-160x160.jpg\" class=\"lightbox-active lightbox-image gridblock-sole-link\" data-sub-html=\"<div class=&quot;lightbox-text-wrap &quot;><h4 class=&quot;lightbox-text lightbox-text-title&quot;>Former state lunatic asylum, Lake Domj\u00fcch, Brandenburg<\/h4><\/div>\" href=\"https:\/\/drbernd-kraemer.de\/wordpress_i\/wp-content\/uploads\/2022\/12\/1908_Irrenhaus_026.DNG339-conflicted-scaled.jpg\" data-src=\"https:\/\/drbernd-kraemer.de\/wordpress_i\/wp-content\/uploads\/2022\/12\/1908_Irrenhaus_026.DNG339-conflicted-scaled.jpg\"><div class=\"gridblock-links-wrap\"><\/div><div class=\"boxtitle-hover\"><div class=\"work-details\"><h4>Former state lunatic asylum, Lake Domj\u00fcch, Brandenburg<\/h4><p class=\"entry-content work-description\"><\/p><\/div><\/div><\/a><\/div><img decoding=\"async\" class=\"preload-image lazyload displayed-image\" src=\"https:\/\/drbernd-kraemer.de\/wordpress_i\/wp-content\/themes\/blacksilver\/images\/placeholders\/placeholder-770x770.gif\" data-src=\"https:\/\/drbernd-kraemer.de\/wordpress_i\/wp-content\/uploads\/2022\/12\/1908_Irrenhaus_026.DNG339-conflicted-770x770.jpg\" alt=\"\"><\/div><\/div><div class=\"gridblock-element  grid-animate-display-all isotope-displayed gridblock-thumbnail-id-3563 gridblock-col-1\"><div class=\"gridblock-ajax gridblock-grid-element gridblock-element-inner\" data-rel=\"3553\"><div class=\"gridblock-background-hover\"><a data-elementor-open-lightbox=\"no\" data-exthumbimage=\"https:\/\/drbernd-kraemer.de\/wordpress_i\/wp-content\/uploads\/2022\/12\/1908_Irrenhaus_155.DNG497-conflicted-1-160x160.jpg\" class=\"lightbox-active lightbox-image gridblock-sole-link\" data-sub-html=\"<div class=&quot;lightbox-text-wrap &quot;><h4 class=&quot;lightbox-text lightbox-text-title&quot;>artbase 2019, former state lunatic asylum, Lake Domj\u00fcch, Brandenburg<\/h4><\/div>\" href=\"https:\/\/drbernd-kraemer.de\/wordpress_i\/wp-content\/uploads\/2022\/12\/1908_Irrenhaus_155.DNG497-conflicted-1-scaled.jpg\" data-src=\"https:\/\/drbernd-kraemer.de\/wordpress_i\/wp-content\/uploads\/2022\/12\/1908_Irrenhaus_155.DNG497-conflicted-1-scaled.jpg\"><div class=\"gridblock-links-wrap\"><\/div><div class=\"boxtitle-hover\"><div class=\"work-details\"><h4>artbase 2019, former state lunatic asylum, Lake Domj\u00fcch, Brandenburg<\/h4><p class=\"entry-content work-description\"><\/p><\/div><\/div><\/a><\/div><img decoding=\"async\" class=\"preload-image lazyload displayed-image\" src=\"https:\/\/drbernd-kraemer.de\/wordpress_i\/wp-content\/themes\/blacksilver\/images\/placeholders\/placeholder-770x770.gif\" data-src=\"https:\/\/drbernd-kraemer.de\/wordpress_i\/wp-content\/uploads\/2022\/12\/1908_Irrenhaus_155.DNG497-conflicted-1-770x770.jpg\" alt=\"\"><\/div><\/div><div class=\"gridblock-element  grid-animate-display-all isotope-displayed gridblock-thumbnail-id-3564 gridblock-col-2\"><div class=\"gridblock-ajax gridblock-grid-element gridblock-element-inner\" data-rel=\"3553\"><div class=\"gridblock-background-hover\"><a data-elementor-open-lightbox=\"no\" data-exthumbimage=\"https:\/\/drbernd-kraemer.de\/wordpress_i\/wp-content\/uploads\/2022\/12\/1908_Irrenhaus313-1-160x160.jpg\" class=\"lightbox-active lightbox-image gridblock-sole-link\" data-sub-html=\"<div class=&quot;lightbox-text-wrap &quot;><h4 class=&quot;lightbox-text lightbox-text-title&quot;>Former state lunatic asylum, Lake Domj\u00fcch, Brandenburg<\/h4><\/div>\" href=\"https:\/\/drbernd-kraemer.de\/wordpress_i\/wp-content\/uploads\/2022\/12\/1908_Irrenhaus313-1-scaled.jpg\" data-src=\"https:\/\/drbernd-kraemer.de\/wordpress_i\/wp-content\/uploads\/2022\/12\/1908_Irrenhaus313-1-scaled.jpg\"><div class=\"gridblock-links-wrap\"><\/div><div class=\"boxtitle-hover\"><div class=\"work-details\"><h4>Former state lunatic asylum, Lake Domj\u00fcch, Brandenburg<\/h4><p class=\"entry-content work-description\"><\/p><\/div><\/div><\/a><\/div><img decoding=\"async\" class=\"preload-image lazyload displayed-image\" src=\"https:\/\/drbernd-kraemer.de\/wordpress_i\/wp-content\/themes\/blacksilver\/images\/placeholders\/placeholder-770x770.gif\" data-src=\"https:\/\/drbernd-kraemer.de\/wordpress_i\/wp-content\/uploads\/2022\/12\/1908_Irrenhaus313-1-770x770.jpg\" alt=\"\"><\/div><\/div><div class=\"gridblock-element  grid-animate-display-all isotope-displayed gridblock-thumbnail-id-3992 gridblock-col-3\"><div class=\"gridblock-ajax gridblock-grid-element gridblock-element-inner\" data-rel=\"3553\"><div class=\"gridblock-background-hover\"><a data-elementor-open-lightbox=\"no\" data-exthumbimage=\"https:\/\/drbernd-kraemer.de\/wordpress_i\/wp-content\/uploads\/2022\/12\/01Tasmanien_19-Bearbeitet-2-160x160.jpg\" class=\"lightbox-active lightbox-image gridblock-sole-link\" data-sub-html=\"<div class=&quot;lightbox-text-wrap &quot;><h4 class=&quot;lightbox-text lightbox-text-title&quot;>Ghost town at Lake Margaret, Tasmania<\/h4><\/div>\" href=\"https:\/\/drbernd-kraemer.de\/wordpress_i\/wp-content\/uploads\/2022\/12\/01Tasmanien_19-Bearbeitet-2-scaled.jpg\" data-src=\"https:\/\/drbernd-kraemer.de\/wordpress_i\/wp-content\/uploads\/2022\/12\/01Tasmanien_19-Bearbeitet-2-scaled.jpg\"><div class=\"gridblock-links-wrap\"><\/div><div class=\"boxtitle-hover\"><div class=\"work-details\"><h4>Ghost town at Lake Margaret, Tasmania<\/h4><p class=\"entry-content work-description\"><\/p><\/div><\/div><\/a><\/div><img decoding=\"async\" class=\"preload-image lazyload displayed-image\" src=\"https:\/\/drbernd-kraemer.de\/wordpress_i\/wp-content\/themes\/blacksilver\/images\/placeholders\/placeholder-770x770.gif\" data-src=\"https:\/\/drbernd-kraemer.de\/wordpress_i\/wp-content\/uploads\/2022\/12\/01Tasmanien_19-Bearbeitet-2-770x770.jpg\" alt=\"\"><\/div><\/div><div class=\"gridblock-element  grid-animate-display-all isotope-displayed gridblock-thumbnail-id-4440 gridblock-col-4\"><div class=\"gridblock-ajax gridblock-grid-element gridblock-element-inner\" data-rel=\"3553\"><div class=\"gridblock-background-hover\"><a data-elementor-open-lightbox=\"no\" data-exthumbimage=\"https:\/\/drbernd-kraemer.de\/wordpress_i\/wp-content\/uploads\/2022\/12\/89BodieUSA_50-conflicted-160x160.webp\" class=\"lightbox-active lightbox-image gridblock-sole-link\" data-sub-html=\"<div class=&quot;lightbox-text-wrap &quot;><h4 class=&quot;lightbox-text lightbox-text-title&quot;>Bodie, California, 1989<\/h4><\/div>\" href=\"https:\/\/drbernd-kraemer.de\/wordpress_i\/wp-content\/uploads\/2022\/12\/89BodieUSA_50-conflicted-scaled.webp\" data-src=\"https:\/\/drbernd-kraemer.de\/wordpress_i\/wp-content\/uploads\/2022\/12\/89BodieUSA_50-conflicted-scaled.webp\"><div class=\"gridblock-links-wrap\"><\/div><div class=\"boxtitle-hover\"><div class=\"work-details\"><h4>Bodie, California, 1989<\/h4><p class=\"entry-content work-description\"><\/p><\/div><\/div><\/a><\/div><img decoding=\"async\" class=\"preload-image lazyload displayed-image\" src=\"https:\/\/drbernd-kraemer.de\/wordpress_i\/wp-content\/themes\/blacksilver\/images\/placeholders\/placeholder-770x770.gif\" data-src=\"https:\/\/drbernd-kraemer.de\/wordpress_i\/wp-content\/uploads\/2022\/12\/89BodieUSA_50-conflicted-770x770.webp\" alt=\"\"><\/div><\/div><div class=\"gridblock-element  grid-animate-display-all isotope-displayed gridblock-thumbnail-id-3832 gridblock-col-1\"><div class=\"gridblock-ajax gridblock-grid-element gridblock-element-inner\" data-rel=\"3553\"><div class=\"gridblock-background-hover\"><a data-elementor-open-lightbox=\"no\" data-exthumbimage=\"https:\/\/drbernd-kraemer.de\/wordpress_i\/wp-content\/uploads\/2022\/12\/94Australien_11-Bearbeitet-2-2-160x160.jpg\" class=\"lightbox-active lightbox-image gridblock-sole-link\" data-sub-html=\"<div class=&quot;lightbox-text-wrap &quot;><h4 class=&quot;lightbox-text lightbox-text-title&quot;>Stranded ship, Fraser Island, 1994<\/h4><\/div>\" href=\"https:\/\/drbernd-kraemer.de\/wordpress_i\/wp-content\/uploads\/2022\/12\/94Australien_11-Bearbeitet-2-2-scaled.jpg\" data-src=\"https:\/\/drbernd-kraemer.de\/wordpress_i\/wp-content\/uploads\/2022\/12\/94Australien_11-Bearbeitet-2-2-scaled.jpg\"><div class=\"gridblock-links-wrap\"><\/div><div class=\"boxtitle-hover\"><div class=\"work-details\"><h4>Stranded ship, Fraser Island, 1994<\/h4><p class=\"entry-content work-description\"><\/p><\/div><\/div><\/a><\/div><img decoding=\"async\" class=\"preload-image lazyload displayed-image\" src=\"https:\/\/drbernd-kraemer.de\/wordpress_i\/wp-content\/themes\/blacksilver\/images\/placeholders\/placeholder-770x770.gif\" data-src=\"https:\/\/drbernd-kraemer.de\/wordpress_i\/wp-content\/uploads\/2022\/12\/94Australien_11-Bearbeitet-2-2-770x770.jpg\" alt=\"\"><\/div><\/div><\/div><\/div>\t\t\t\t<\/div>\n\t\t\t\t<\/div>\n\t\t\t\t\t<\/div>\n\t\t<\/div>\n\t\t\t\t\t<\/div>\n\t\t<\/section>\n\t\t\t\t<\/div>\n\t\t","protected":false},"excerpt":{"rendered":"<p>Gallery Lost Places A smooth wind blows through the long-abandoned houses\u2018 empty corridors \u2026 Shell Grotto, Potsdam Villa Schlieffen, Potsdam Former lung clinic Kolkwitz Cassino Krampnitz, Potsdam Cassino Krampnitz, Potsdam Former lung hospital, Lake Grabow, Brandenburg artbase 2019, former state lunatic asylum, Lake Domj\u00fcch, Brandenburg Former state lunatic asylum, Lake Domj\u00fcch, Brandenburg artbase 2019, former state lunatic asylum, Lake Domj\u00fcch, Brandenburg Former state lunatic asylum, Lake Domj\u00fcch, Brandenburg Ghost town at Lake Margaret, Tasmania Bodie, California, 1989 Stranded ship, Fraser [&hellip;]<\/p>\n","protected":false},"author":1,"featured_media":0,"parent":0,"menu_order":0,"comment_status":"closed","ping_status":"closed","template":"","meta":{"footnotes":""},"class_list":["post-3553","page","type-page","status-publish","hentry"],"_links":{"self":[{"href":"https:\/\/drbernd-kraemer.de\/wordpress_i\/wp-json\/wp\/v2\/pages\/3553","targetHints":{"allow":["GET"]}}],"collection":[{"href":"https:\/\/drbernd-kraemer.de\/wordpress_i\/wp-json\/wp\/v2\/pages"}],"about":[{"href":"https:\/\/drbernd-kraemer.de\/wordpress_i\/wp-json\/wp\/v2\/types\/page"}],"author":[{"embeddable":true,"href":"https:\/\/drbernd-kraemer.de\/wordpress_i\/wp-json\/wp\/v2\/users\/1"}],"replies":[{"embeddable":true,"href":"https:\/\/drbernd-kraemer.de\/wordpress_i\/wp-json\/wp\/v2\/comments?post=3553"}],"version-history":[{"count":32,"href":"https:\/\/drbernd-kraemer.de\/wordpress_i\/wp-json\/wp\/v2\/pages\/3553\/revisions"}],"predecessor-version":[{"id":5986,"href":"https:\/\/drbernd-kraemer.de\/wordpress_i\/wp-json\/wp\/v2\/pages\/3553\/revisions\/5986"}],"wp:attachment":[{"href":"https:\/\/drbernd-kraemer.de\/wordpress_i\/wp-json\/wp\/v2\/media?parent=3553"}],"curies":[{"name":"wp","href":"https:\/\/api.w.org\/{rel}","templated":true}]}}